{"id":50,"date":"2014-12-02T16:15:59","date_gmt":"2014-12-02T21:15:59","guid":{"rendered":"https:\/\/translogisticcr.com\/es\/?page_id=50"},"modified":"2018-09-15T14:42:21","modified_gmt":"2018-09-15T18:42:21","slug":"datos-de-interes","status":"publish","type":"page","link":"https:\/\/translogisticcr.com\/es\/datos-de-interes\/","title":{"rendered":"Datos de inter\u00e9s"},"content":{"rendered":"<p>[et_pb_section bb_built=&#8221;1&#8243;][et_pb_row][et_pb_column type=&#8221;4_4&#8243;][et_pb_text _builder_version=&#8221;3.15&#8243;]<\/p>\n<h1>Datos de inter\u00e9s<\/h1>\n<p>&nbsp;<\/p>\n<p>Hemos preparado una serie de datos e informaci\u00f3n de inter\u00e9s sobre las operaciones de log\u00edstica y transporte mundial, los cuales recopilan\u00a0<strong>consultas frecuentes<\/strong>\u00a0que realizan nuestros clientes. Esperamos que les resulten de utilidad.<\/p>\n<p>[\/et_pb_text][et_pb_toggle _builder_version=&#8221;3.15&#8243; title=&#8221;Containerizaci\u00f3n&#8221;]<\/p>\n<p>A continuaci\u00f3n datos aproximados y promedio de contenedores mar\u00edtimos. Existen leves variaciones seg\u00fan el fabricante.<\/p>\n\n<table id=\"tablepress-1\" class=\"tablepress tablepress-id-1\">\n<thead>\n<tr class=\"row-1\">\n\t<th class=\"column-1\">Caracter\u00edstica<\/th><th class=\"column-2\">20 pies seco<\/th><th class=\"column-3\">40 pies seco<\/th><th class=\"column-4\">40 pies HQ <br \/>\nseco<\/th><th class=\"column-5\">20 pies refrigerado<\/th><th class=\"column-6\">40 pies refrigerado<\/th>\n<\/tr>\n<\/thead>\n<tbody class=\"row-striping row-hover\">\n<tr class=\"row-2\">\n\t<td class=\"column-1\">Cubicaje<\/td><td class=\"column-2\">32 m3<\/td><td class=\"column-3\">67 m3<\/td><td class=\"column-4\">75 m3<\/td><td class=\"column-5\">67 m3<\/td><td class=\"column-6\">75 m3<\/td>\n<\/tr>\n<tr class=\"row-3\">\n\t<td class=\"column-1\">Carga m\u00e1xima<\/td><td class=\"column-2\">26,000 kg<br \/>\n57,000 lb<\/td><td class=\"column-3\">26,700 kg<br \/>\n57,000 lb<\/td><td class=\"column-4\">26,000 kg<br \/>\n57,000 lb<\/td><td class=\"column-5\">20,000 kg<br \/>\n44,000 lb<\/td><td class=\"column-6\">25,000 kg<br \/>\n55,000 lb<\/td>\n<\/tr>\n<tr class=\"row-4\">\n\t<td class=\"column-1\">Altura interna<\/td><td class=\"column-2\">2.39 m<\/td><td class=\"column-3\">2.39 m<\/td><td class=\"column-4\">2.69 m<\/td><td class=\"column-5\">2.01 m<\/td><td class=\"column-6\">2.12 m<\/td>\n<\/tr>\n<tr class=\"row-5\">\n\t<td class=\"column-1\">Ancho interno<\/td><td class=\"column-2\">2.35 m<\/td><td class=\"column-3\">2.35 m<\/td><td class=\"column-4\">2.35 m<\/td><td class=\"column-5\">2.28 m<\/td><td class=\"column-6\">2.28 m<\/td>\n<\/tr>\n<tr class=\"row-6\">\n\t<td class=\"column-1\">Profundidad interna<\/td><td class=\"column-2\">5.89 m<\/td><td class=\"column-3\">12.02 m<\/td><td class=\"column-4\">12.02 m<\/td><td class=\"column-5\">5.72 m<\/td><td class=\"column-6\">11.84 m<\/td>\n<\/tr>\n<tr class=\"row-7\">\n\t<td class=\"column-1\">N\u00ba de tarimas ISO (1.2x1m)<\/td><td class=\"column-2\">10<\/td><td class=\"column-3\">20<\/td><td class=\"column-4\">20<\/td><td class=\"column-5\">-<\/td><td class=\"column-6\">-<\/td>\n<\/tr>\n<\/tbody>\n<\/table>\n<!-- #tablepress-1 from cache -->\n<p>[\/et_pb_toggle][et_pb_toggle _builder_version=&#8221;3.15&#8243; title=&#8221;Incoterms m\u00e1s comunes&#8221;]<\/p>\n<ul>\n<li><strong>EXW (Ex Works):<\/strong>\u00a0El vendedor pone la mercanc\u00eda a disposici\u00f3n del comprador en sus instalaciones: f\u00e1brica, almac\u00e9n, etc. Todos los gastos a partir de ese momento son por cuenta del comprador.<\/li>\n<li><strong>FOB (Free On Board):<\/strong>\u00a0El vendedor entrega la mercanc\u00eda dentro del embarque acordado con el comprador. La mercader\u00eda debe estar liberada de aduanas para la exportaci\u00f3n.<\/li>\n<li><strong>CFR (Cost and Freight):<\/strong>\u00a0El vendedor entrega la mercader\u00eda en el puerto destino, haci\u00e9ndose cargo de todos los costos de transporte. No incluye el seguro.<\/li>\n<li><strong>CIF (Cost, Insurance and Freight):<\/strong>\u00a0El vendedor entrega la mercader\u00eda en el puerto destino, haci\u00e9ndose cargo de todos los costos de transporte incluyendo el seguro.<\/li>\n<li><strong>CPT (Carriage Paid To):<\/strong>\u00a0El vendedor entrega la mercader\u00eda en el punto convenido por el ciente dentro del pa\u00eds destino, por lo que incluyen los costos de descarga y manejo de la mercanc\u00eda hasta el punto convenido. No incluye el seguro ni los costos de liberaci\u00f3n en la aduana del pa\u00eds destino. Estos dos rubros quedan bajo responsabilidad del comprador.<\/li>\n<li><strong>DDP (Delivered Duty Paid)<\/strong>: Con este t\u00e9rmino el vendedor es totalmente responsable de los costos y transportes hasta el punto convenido dentro del pa\u00eds destino. El comprador no realiza ning\u00fan tipo de tr\u00e1mite.<\/li>\n<\/ul>\n<p>[\/et_pb_toggle][\/et_pb_column][\/et_pb_row][\/et_pb_section]<\/p>\n","protected":false},"excerpt":{"rendered":"<p><div class=\"et_pb_row et_pb_row_0 et_pb_row_empty\">\n\t\t\t\t\n\t\t\t\t\n\t\t\t\t\n\t\t\t\t\n\t\t\t\t\n\t\t\t<\/div> Datos de inter\u00e9s &nbsp; Hemos preparado una serie de datos e informaci\u00f3n de inter\u00e9s sobre las operaciones de log\u00edstica y transporte mundial, los cuales recopilan\u00a0consultas frecuentes\u00a0que realizan nuestros clientes. Esperamos que les resulten de utilidad. A continuaci\u00f3n datos aproximados y promedio de contenedores mar\u00edtimos. Existen leves variaciones seg\u00fan el fabricante. \n<table id=\"tablepress-1-no-2\" class=\"tablepress tablepress-id-1\">\n<thead>\n<tr class=\"row-1\">\n\t<th class=\"column-1\">Caracter\u00edstica<\/th><th class=\"column-2\">20 pies seco<\/th><th class=\"column-3\">40 pies seco<\/th><th class=\"column-4\">40 pies HQ <br \/>\nseco<\/th><th class=\"column-5\">20 pies refrigerado<\/th><th class=\"column-6\">40 pies refrigerado<\/th>\n<\/tr>\n<\/thead>\n<tbody class=\"row-striping row-hover\">\n<tr class=\"row-2\">\n\t<td class=\"column-1\">Cubicaje<\/td><td class=\"column-2\">32 m3<\/td><td class=\"column-3\">67 m3<\/td><td class=\"column-4\">75 m3<\/td><td class=\"column-5\">67 m3<\/td><td class=\"column-6\">75 m3<\/td>\n<\/tr>\n<tr class=\"row-3\">\n\t<td class=\"column-1\">Carga m\u00e1xima<\/td><td class=\"column-2\">26,000 kg<br \/>\n57,000 lb<\/td><td class=\"column-3\">26,700 kg<br \/>\n57,000 lb<\/td><td class=\"column-4\">26,000 kg<br \/>\n57,000 lb<\/td><td class=\"column-5\">20,000 kg<br \/>\n44,000 lb<\/td><td class=\"column-6\">25,000 kg<br \/>\n55,000 lb<\/td>\n<\/tr>\n<tr class=\"row-4\">\n\t<td class=\"column-1\">Altura interna<\/td><td class=\"column-2\">2.39 m<\/td><td class=\"column-3\">2.39 m<\/td><td class=\"column-4\">2.69 m<\/td><td class=\"column-5\">2.01 m<\/td><td class=\"column-6\">2.12 m<\/td>\n<\/tr>\n<tr class=\"row-5\">\n\t<td class=\"column-1\">Ancho interno<\/td><td class=\"column-2\">2.35 m<\/td><td class=\"column-3\">2.35 m<\/td><td class=\"column-4\">2.35 m<\/td><td class=\"column-5\">2.28 m<\/td><td class=\"column-6\">2.28 m<\/td>\n<\/tr>\n<tr class=\"row-6\">\n\t<td class=\"column-1\">Profundidad interna<\/td><td class=\"column-2\">5.89 m<\/td><td class=\"column-3\">12.02 m<\/td><td class=\"column-4\">12.02 m<\/td><td class=\"column-5\">5.72 m<\/td><td class=\"column-6\">11.84 m<\/td>\n<\/tr>\n<tr class=\"row-7\">\n\t<td class=\"column-1\">N\u00ba de tarimas ISO (1.2x1m)<\/td><td class=\"column-2\">10<\/td><td class=\"column-3\">20<\/td><td class=\"column-4\">20<\/td><td class=\"column-5\">-<\/td><td class=\"column-6\">-<\/td>\n<\/tr>\n<\/tbody>\n<\/table>\n EXW [&hellip;]<\/p>\n","protected":false},"author":1,"featured_media":0,"parent":0,"menu_order":0,"comment_status":"open","ping_status":"open","template":"","meta":{"_acf_changed":false,"_et_pb_use_builder":"on","_et_pb_old_content":"<p>Below you will find a series of data and information about our international logistics services, that have been gathered after all those frequent questions made by our customers. We hope this information will also become helpful for your commercial plans.<\/p><p>[learn_more caption=\"Containerization\" state=\"close\"]<\/p><p>Below you will find average and approximate features of sea freight containers. Slight differences may exist depeding on container manufacturers.<\/p><p>[table id=1 \/]<\/p><p>[\/learn_more]<\/p><p>[learn_more caption=\"Common Incoterms\" state=\"close\"]<\/p><ul><li><strong>EXW (Ex Works):<\/strong> The seller makes the goods available at its premises. After this point, all charges are responsibility of buyer.<\/li><li><strong>FOB (Free On Board):<\/strong> The seller delivers merchandise on board the vessel nominated by the buyer. Cargo must be customs free for exports.<\/li><li>El vendedor entrega la mercanc\u00eda en el puerto de embarque.<\/li><li><strong>CFR (Cost and Freight):<\/strong> Seller must pay the costs and freight to bring the goods to the port of destination, being responsible for transportation costs. Cargo insurance is not included.<\/li><li><strong>CIF (Cost, Insurance and Freight):<\/strong> Seller must pay the costs and freight to bring the goods to the port of destination, being responsible for transportation costs and cargo insurance.<\/li><li><strong>CPT (Carriage Paid To):<\/strong> The seller delivers the goods on the agreed location inside destination country. Therefore, seller is responsible for unloading and handling costs until agreed location. Buyer is responsible for cargo insurance and customs liberation costs on destination country.<\/li><li><strong>DDP (Delivered Duty Paid)<\/strong>: Seller is responsible for delivering the goods to the named place in the destination country, and pays all costs in bringing the goods to the destination including import duties and taxes. The buyer do not involves in any activity.<\/li><\/ul><p>[\/learn_more]<\/p>","_et_gb_content_width":"","footnotes":""},"class_list":["post-50","page","type-page","status-publish","hentry"],"acf":[],"_links":{"self":[{"href":"https:\/\/translogisticcr.com\/es\/wp-json\/wp\/v2\/pages\/50","targetHints":{"allow":["GET"]}}],"collection":[{"href":"https:\/\/translogisticcr.com\/es\/wp-json\/wp\/v2\/pages"}],"about":[{"href":"https:\/\/translogisticcr.com\/es\/wp-json\/wp\/v2\/types\/page"}],"author":[{"embeddable":true,"href":"https:\/\/translogisticcr.com\/es\/wp-json\/wp\/v2\/users\/1"}],"replies":[{"embeddable":true,"href":"https:\/\/translogisticcr.com\/es\/wp-json\/wp\/v2\/comments?post=50"}],"version-history":[{"count":6,"href":"https:\/\/translogisticcr.com\/es\/wp-json\/wp\/v2\/pages\/50\/revisions"}],"predecessor-version":[{"id":183,"href":"https:\/\/translogisticcr.com\/es\/wp-json\/wp\/v2\/pages\/50\/revisions\/183"}],"wp:attachment":[{"href":"https:\/\/translogisticcr.com\/es\/wp-json\/wp\/v2\/media?parent=50"}],"curies":[{"name":"wp","href":"https:\/\/api.w.org\/{rel}","templated":true}]}}