{"id":13,"date":"2014-12-02T15:48:59","date_gmt":"2014-12-02T20:48:59","guid":{"rendered":"https:\/\/translogisticcr.com\/es\/?page_id=13"},"modified":"2018-09-15T10:02:02","modified_gmt":"2018-09-15T14:02:02","slug":"nosotros","status":"publish","type":"page","link":"https:\/\/translogisticcr.com\/es\/nosotros\/","title":{"rendered":"Nosotros"},"content":{"rendered":"<p>[et_pb_section bb_built=&#8221;1&#8243;][et_pb_row][et_pb_column type=&#8221;1_2&#8243;][et_pb_text _builder_version=&#8221;3.15&#8243;]<\/p>\n<h1>Nosotros<\/h1>\n<p>&nbsp;<\/p>\n<p><strong>TRANSLOGISTICS CARGO S.A<\/strong>. es una empresa que brinda servicios de\u00a0<strong>transporte internacional, consolidaci\u00f3n y agenciamiento de aduanas<\/strong>\u00a0de primera calidad, diferenci\u00e1ndonos del resto de nuestros competidores por ofrecer un\u00a0<strong>alto nivel de eficiencia en nuestros servicios.<\/strong><\/p>\n<p>Nuestra empresa est\u00e1 asociada una<strong>\u00a0red mundial de operadores log\u00edsticos<\/strong>, lo cual permite a nuestros clientes acceder a m\u00faltiples destinos y conocer de primera mano las regulaciones comerciales de cada mercado.<\/p>\n<p>Gracias a un claro entendimiento de nuestro mercado y del importante papel que juegan las micros, peque\u00f1as y medianas empresas en el desarrollo de nuestro pa\u00eds, hemos especializado y desarrollado nuestros servicios seg\u00fan las\u00a0<strong>necesidades de las MIPYMES.<\/strong><\/p>\n<p>Para nuestros clientes TRANSLOGISTICS CARGO representa m\u00e1s que un instrumento efectivo para el desarrollo de su negocio de importaci\u00f3n y exportaci\u00f3n; nuestra empresa termina convirti\u00e9ndose en un\u00a0<strong>socio estrat\u00e9gico de sus operaciones.<\/strong><\/p>\n<p>Lo invitamos a conocer m\u00e1s de nuestros\u00a0<a href=\"https:\/\/translogisticcr.com\/es\/servicios\/\">servicios<\/a>.<\/p>\n<p>[\/et_pb_text][\/et_pb_column][et_pb_column type=&#8221;1_2&#8243;][et_pb_image _builder_version=&#8221;3.15&#8243; src=&#8221;https:\/\/translogisticcr.com\/es\/wp-content\/uploads\/nosotros.jpg&#8221; align=&#8221;center&#8221; animation_style=&#8221;fade&#8221; animation_direction=&#8221;left&#8221; \/][\/et_pb_column][\/et_pb_row][\/et_pb_section]<\/p>\n","protected":false},"excerpt":{"rendered":"<p><div class=\"et_pb_row et_pb_row_0 et_pb_row_empty\">\n\t\t\t\t\n\t\t\t\t\n\t\t\t\t\n\t\t\t\t\n\t\t\t\t\n\t\t\t<\/div> Nosotros &nbsp; TRANSLOGISTICS CARGO S.A. es una empresa que brinda servicios de\u00a0transporte internacional, consolidaci\u00f3n y agenciamiento de aduanas\u00a0de primera calidad, diferenci\u00e1ndonos del resto de nuestros competidores por ofrecer un\u00a0alto nivel de eficiencia en nuestros servicios. Nuestra empresa est\u00e1 asociada una\u00a0red mundial de operadores log\u00edsticos, lo cual permite a nuestros clientes acceder a m\u00faltiples destinos [&hellip;]<\/p>\n","protected":false},"author":1,"featured_media":14,"parent":0,"menu_order":0,"comment_status":"open","ping_status":"open","template":"","meta":{"_acf_changed":false,"_et_pb_use_builder":"on","_et_pb_old_content":"<p>\u00a0<\/p><p>\u00a0<\/p><p>\u00a0<\/p>","_et_gb_content_width":"","footnotes":""},"class_list":["post-13","page","type-page","status-publish","has-post-thumbnail","hentry"],"acf":[],"_links":{"self":[{"href":"https:\/\/translogisticcr.com\/es\/wp-json\/wp\/v2\/pages\/13","targetHints":{"allow":["GET"]}}],"collection":[{"href":"https:\/\/translogisticcr.com\/es\/wp-json\/wp\/v2\/pages"}],"about":[{"href":"https:\/\/translogisticcr.com\/es\/wp-json\/wp\/v2\/types\/page"}],"author":[{"embeddable":true,"href":"https:\/\/translogisticcr.com\/es\/wp-json\/wp\/v2\/users\/1"}],"replies":[{"embeddable":true,"href":"https:\/\/translogisticcr.com\/es\/wp-json\/wp\/v2\/comments?post=13"}],"version-history":[{"count":8,"href":"https:\/\/translogisticcr.com\/es\/wp-json\/wp\/v2\/pages\/13\/revisions"}],"predecessor-version":[{"id":166,"href":"https:\/\/translogisticcr.com\/es\/wp-json\/wp\/v2\/pages\/13\/revisions\/166"}],"wp:featuredmedia":[{"embeddable":true,"href":"https:\/\/translogisticcr.com\/es\/wp-json\/wp\/v2\/media\/14"}],"wp:attachment":[{"href":"https:\/\/translogisticcr.com\/es\/wp-json\/wp\/v2\/media?parent=13"}],"curies":[{"name":"wp","href":"https:\/\/api.w.org\/{rel}","templated":true}]}}